{"id":3345,"date":"2024-12-18T15:07:11","date_gmt":"2024-12-18T15:07:11","guid":{"rendered":"https:\/\/austria-guides.at\/data-protection\/"},"modified":"2025-10-27T14:37:53","modified_gmt":"2025-10-27T14:37:53","slug":"data-protection","status":"publish","type":"page","link":"https:\/\/austria-guides.at\/en\/data-protection\/","title":{"rendered":"data protection"},"content":{"rendered":"<p>[et_pb_section fb_built=&#8221;1&#8243; _builder_version=&#8221;4.16&#8243; global_colors_info=&#8221;{}&#8221;][et_pb_row _builder_version=&#8221;4.27.4&#8243; background_size=&#8221;initial&#8221; background_position=&#8221;top_left&#8221; background_repeat=&#8221;repeat&#8221; global_colors_info=&#8221;{}&#8221;][et_pb_column type=&#8221;4_4&#8243; _builder_version=&#8221;4.16&#8243; custom_padding=&#8221;|||&#8221; global_colors_info=&#8221;{}&#8221; custom_padding__hover=&#8221;|||&#8221;][et_pb_text _builder_version=&#8221;4.27.4&#8243; text_font=&#8221;||||&#8221; text_text_color=&#8221;#1a1a1a&#8221; header_font=&#8221;Oswald|on||on|&#8221; header_text_align=&#8221;center&#8221; header_font_size=&#8221;60px&#8221; header_line_height=&#8221;1.3em&#8221; header_2_font=&#8221;Oswald|700||on|||||&#8221; header_2_text_align=&#8221;center&#8221; header_2_text_color=&#8221;#d00050&#8243; header_2_font_size=&#8221;60px&#8221; header_2_line_height=&#8221;1.3em&#8221; module_alignment=&#8221;center&#8221; custom_margin=&#8221;||-3px|||&#8221; custom_padding=&#8221;|||&#8221; animation_style=&#8221;slide&#8221; animation_direction=&#8221;top&#8221; animation_intensity_slide=&#8221;10%&#8221; header_font_size_tablet=&#8221;60px&#8221; header_font_size_phone=&#8221;54px&#8221; header_font_size_last_edited=&#8221;on|phone&#8221; header_2_font_size_tablet=&#8221;60px&#8221; header_2_font_size_phone=&#8221;28px&#8221; header_2_font_size_last_edited=&#8221;on|phone&#8221; global_colors_info=&#8221;{}&#8221;]<\/p>\n<p><!-- divi:heading --><\/p>\n<h2 class=\"wp-block-heading\" style=\"text-align: left;\">Privacy Policy<\/h2>\n<p><!-- \/divi:paragraph --><\/p>\n<p>[\/et_pb_text][\/et_pb_column][\/et_pb_row][et_pb_row _builder_version=&#8221;4.27.4&#8243; _module_preset=&#8221;default&#8221; global_colors_info=&#8221;{}&#8221;][et_pb_column type=&#8221;4_4&#8243; _builder_version=&#8221;4.27.4&#8243; _module_preset=&#8221;default&#8221; global_colors_info=&#8221;{}&#8221;][et_pb_text _builder_version=&#8221;4.27.4&#8243; _module_preset=&#8221;default&#8221; global_colors_info=&#8221;{}&#8221;]<\/p>\n<p>In the following privacy policy, we inform you about the most important aspects of data processing within the scope of my website. We collect and process personal data only on the basis of the statutory provisions (General Data Protection Regulation, Telecommunications Act 2003). <\/p>\n<p>As soon as you access or visit my website as a user, your IP address, the start and end of the session are recorded. This is necessary for technical reasons and therefore constitutes a legitimate interest within the meaning of Art. 6 (1) (f) GDPR. <\/p>\n<h3><strong>Cookies<\/strong><\/h3>\n<p>My website uses cookies. These are small text files that are stored on your device with the help of your browser. They do not cause any damage. I use cookies to make my website more user-friendly. Some cookies remain stored on your device until you delete them. They enable me to recognize your browser the next time you visit. If you do not want this, you can set your browser to notify you when cookies are set and only allow them in individual cases. If you deactivate cookies, the functionality of my website may be limited.       <\/p>\n<p>I use the consent tool &#8220;Real Cookie Banner&#8221; to manage the cookies and similar technologies (tracking pixels, web beacons, etc.) used and the relevant consents. Details on how &#8220;Real Cookie Banner&#8221; works can be found at <span> <\/span><a href=\"https:\/\/devowl.io\/de\/wissensdatenbank\/real-cookie-banner-datenverarbeitung\/\">https:\/\/devowl.io\/de\/wissensdatenbank\/real-cookie-banner-datenverarbeitung\/.<\/a><\/p>\n<p>The legal basis for the processing of personal data in this context is Art. 6 (1) (c) GDPR and Art. 6 (1) (f) GDPR. Our legitimate interest is the management of the cookies and similar technologies used and the related consents.     <\/p>\n<p>The provision of personal data is neither contractually required nor necessary for the conclusion of a contract. You are not obliged to provide personal data. If you do not provide personal data, we cannot manage your consents.  <\/p>\n<h3><strong>Google Fonts<\/strong><\/h3>\n<p>My website uses fonts from &#8220;Google Fonts.&#8221; The service provider for this feature is: <\/p>\n<ul>\n<li>Google Ireland Limited Gordon House, Barrow Street Dublin 4. Ireland<\/li>\n<\/ul>\n<p>Tel: +353 1 543 1000<\/p>\n<p>When you visit this website, your browser downloads fonts and stores them in the cache. As a visitor to the website, you receive data from the service provider, which means that Google may set or analyze cookies on your computer. <\/p>\n<p>The use of &#8220;Google Fonts&#8221; serves to optimize my service and ensure the uniform presentation of content. This constitutes a legitimate interest within the meaning of Art. 6 (1) lit. f GDPR.   <\/p>\n<p>Further information about Google Fonts is available at the following link:<\/p>\n<ul>\n<li><a href=\"https:\/\/developers.google.com\/fonts\/faq\">https:\/\/developers.google.com\/fonts\/faq<\/a><\/li>\n<\/ul>\n<p>Further information about how Google handles user data can be found in the privacy policy:<\/p>\n<ul>\n<li><a href=\"https:\/\/policies.google.com\/privacy?hl=de\">https:\/\/policies.google.com\/privacy?hl=de <\/a>.<\/li>\n<\/ul>\n<p>Google also processes the data in the US, but has submitted to the EU-US Privacy Shield.<\/p>\n<p><a href=\"https:\/\/www.privacyshield.gov\/EU-US-Framework\">https:\/\/www.privacyshield.gov\/EU-US-Framework<\/a><\/p>\n<h3><strong>Server-Log Files<\/strong><\/h3>\n<p>This website and its associated provider automatically collect information in the form of so-called &#8220;server log files&#8221; when you use the website. This includes, in particular: <\/p>\n<ul>\n<li>IP-Adresse or Hostname<\/li>\n<li>the browser used<\/li>\n<li>Length of stay on the website, date, and time<\/li>\n<li>pages accessed on the website<\/li>\n<li>Language settings and operating system<\/li>\n<li>&#8220;Leaving page&#8221; (the URL at which the user left the website)<\/li>\n<li>ISP (Internet Service Provider)<\/li>\n<\/ul>\n<p>This collected information is not processed in a personal manner or linked to personal data.<\/p>\n<p>The website operator reserves the right to evaluate or review this data in the event that illegal activities become known.<\/p>\n<h3><strong>Your rights as a data subject<\/strong><\/h3>\n<p>As the data subject, you have the following rights with regard to your data stored by me:<\/p>\n<ul>\n<li>information<\/li>\n<li>Deletion of data<\/li>\n<li>Correction of data<\/li>\n<li>Data portability<\/li>\n<li>Revocation and objection to data processing<\/li>\n<li>restriction<\/li>\n<\/ul>\n<p>If you suspect that violations of data protection law have occurred in the course of processing your data, you have the option of complaining to me or the data protection authority.<\/p>\n<h3><strong>Google Analytics<\/strong><\/h3>\n<p>This website uses Google Analytics, a web analytics service provided by Google Ireland Limited. If the data controller for this website is located outside the European Economic Area or Switzerland, Google Analytics data processing is carried out by Google LLC. Google LLC and Google Ireland Limited are hereinafter referred to as &#8220;Google.&#8221;  <\/p>\n<p>Google Analytics uses &#8220;cookies,&#8221; which are text files stored on the device you are using that enable analysis of your use of the website. The information generated by the cookie about your use of this website is usually transmitted to a Google server and stored there. <\/p>\n<p>Die Erfassung durch Google Analytics kann verhindert werden, indem der Seitenbesucher die Cookie-Einstellungen f\u00fcr diese Website anpasst. Der Erfassung und Speicherung der IP-Adresse und der durch Cookies erzeugten Daten kann au\u00dferdem jederzeit mit Wirkung f\u00fcr die Zukunft widersprochen werden. Das entsprechende Browser- Plugin kann unter dem folgenden Link heruntergeladen und installiert werden: <a href=\"https:\/\/tools.google.com\/dlpage\/gaoptout?hl=de\">https:\/\/tools.google.com\/dlpage\/gaoptout<\/a>.  <\/p>\n<p>[\/et_pb_text][\/et_pb_column][\/et_pb_row][\/et_pb_section][et_pb_section fb_built=&#8221;1&#8243; _builder_version=&#8221;4.27.4&#8243; _module_preset=&#8221;default&#8221; background_color=&#8221;#e5e5e5&#8243; locked=&#8221;off&#8221; global_colors_info=&#8221;{}&#8221;][et_pb_row column_structure=&#8221;1_4,1_4,1_4,1_4&#8243; _builder_version=&#8221;4.27.4&#8243; _module_preset=&#8221;default&#8221; global_colors_info=&#8221;{}&#8221;][et_pb_column type=&#8221;1_4&#8243; _builder_version=&#8221;4.27.4&#8243; _module_preset=&#8221;default&#8221; global_colors_info=&#8221;{}&#8221;][et_pb_text admin_label=&#8221;Top Destination Title&#8221; _builder_version=&#8221;4.27.4&#8243; text_font=&#8221;||||&#8221; text_text_color=&#8221;#1a1a1a&#8221; header_font=&#8221;Oswald|on||on|&#8221; header_text_align=&#8221;left&#8221; header_font_size=&#8221;60px&#8221; header_line_height=&#8221;1.3em&#8221; header_2_font=&#8221;Oswald|700||on|||||&#8221; header_2_text_color=&#8221;#d00050&#8243; header_2_font_size=&#8221;30px&#8221; header_2_line_height=&#8221;1.3em&#8221; custom_margin=&#8221;||-3px|||&#8221; custom_padding=&#8221;|||&#8221; animation_style=&#8221;slide&#8221; animation_direction=&#8221;top&#8221; animation_intensity_slide=&#8221;10%&#8221; locked=&#8221;off&#8221; global_colors_info=&#8221;{}&#8221;]<\/p>\n<h2>Austria Guide<\/h2>\n<p>[\/et_pb_text][et_pb_divider color=&#8221;#0a0000&#8243; divider_position=&#8221;center&#8221; divider_weight=&#8221;3px&#8221; disabled_on=&#8221;off|off|off&#8221; _builder_version=&#8221;4.27.4&#8243; max_width=&#8221;150px&#8221; height=&#8221;false&#8221; animation_style=&#8221;slide&#8221; animation_direction=&#8221;top&#8221; animation_delay=&#8221;100ms&#8221; animation_intensity_slide=&#8221;10%&#8221; locked=&#8221;off&#8221; global_colors_info=&#8221;{}&#8221;][\/et_pb_divider][et_pb_text admin_label=&#8221;Top Destination Sub Title&#8221; _builder_version=&#8221;4.27.4&#8243; text_font=&#8221;Roboto||||&#8221; text_text_color=&#8221;#1a1a1a&#8221; text_font_size=&#8221;22px&#8221; text_line_height=&#8221;1.2em&#8221; header_line_height=&#8221;1.2em&#8221; header_2_font=&#8221;Oswald||||||||&#8221; header_2_line_height=&#8221;1.5em&#8221; custom_margin=&#8221;0px||||false|false&#8221; custom_padding=&#8221;7px||||false|false&#8221; animation_style=&#8221;slide&#8221; animation_direction=&#8221;top&#8221; animation_delay=&#8221;100ms&#8221; animation_intensity_slide=&#8221;10%&#8221; locked=&#8221;off&#8221; global_colors_info=&#8221;{}&#8221;]<\/p>\n<p style=\"text-align: left;\">Monika Gr\u00fcndhammer<\/p>\n<p style=\"text-align: left;\"><a href=\"mailto:info@austria-guides.at\">info@austria-guides.at<\/a><\/p>\n<p>+43 660 2006303<\/p>\n<p>[\/et_pb_text][et_pb_social_media_follow _builder_version=&#8221;4.27.4&#8243; _module_preset=&#8221;default&#8221; global_colors_info=&#8221;{}&#8221;][et_pb_social_media_follow_network social_network=&#8221;facebook&#8221; url=&#8221;https:\/\/www.facebook.com\/mogrund&#8221; _builder_version=&#8221;4.27.4&#8243; _module_preset=&#8221;default&#8221; background_color=&#8221;#3b5998&#8243; global_colors_info=&#8221;{}&#8221; follow_button=&#8221;off&#8221; url_new_window=&#8221;on&#8221;]facebook[\/et_pb_social_media_follow_network][et_pb_social_media_follow_network social_network=&#8221;instagram&#8221; url=&#8221;https:\/\/www.instagram.com\/monika_gruendhammer\/&#8221; _builder_version=&#8221;4.27.4&#8243; _module_preset=&#8221;default&#8221; background_color=&#8221;#ea2c59&#8243; global_colors_info=&#8221;{}&#8221; follow_button=&#8221;off&#8221; url_new_window=&#8221;on&#8221;]instagram[\/et_pb_social_media_follow_network][\/et_pb_social_media_follow][\/et_pb_column][et_pb_column type=&#8221;1_4&#8243; _builder_version=&#8221;4.27.4&#8243; _module_preset=&#8221;default&#8221; global_colors_info=&#8221;{}&#8221;][et_pb_image src=&#8221;https:\/\/austria-guides.at\/wp-content\/uploads\/2025\/01\/logo-austria-guides-monika-gruendhammer.png&#8221; _builder_version=&#8221;4.27.4&#8243; _module_preset=&#8221;default&#8221; title_text=&#8221;logo-austria-guides-monika-gruendhammer&#8221; hover_enabled=&#8221;0&#8243; sticky_enabled=&#8221;0&#8243; width_last_edited=&#8221;on|phone&#8221; width_phone=&#8221;73%&#8221;][\/et_pb_image][\/et_pb_column][et_pb_column type=&#8221;1_4&#8243; _builder_version=&#8221;4.27.4&#8243; _module_preset=&#8221;default&#8221; global_colors_info=&#8221;{}&#8221;][et_pb_image src=&#8221;https:\/\/austria-guides.at\/wp-content\/uploads\/2024\/12\/natopia-logo.png&#8221; title_text=&#8221;natopia-logo&#8221; _builder_version=&#8221;4.27.4&#8243; _module_preset=&#8221;default&#8221; height_tablet=&#8221;&#8221; height_phone=&#8221;200px&#8221; height_last_edited=&#8221;on|phone&#8221; custom_margin_tablet=&#8221;-80px||||false|false&#8221; custom_margin_phone=&#8221;-30px||||false|false&#8221; custom_margin_last_edited=&#8221;on|tablet&#8221; hover_enabled=&#8221;0&#8243; global_colors_info=&#8221;{}&#8221; sticky_enabled=&#8221;0&#8243;][\/et_pb_image][et_pb_image src=&#8221;https:\/\/austria-guides.at\/wp-content\/uploads\/2024\/12\/austria-guides-logo.png&#8221; title_text=&#8221;austria-guides-logo&#8221; _builder_version=&#8221;4.27.4&#8243; _module_preset=&#8221;default&#8221; height_tablet=&#8221;&#8221; height_phone=&#8221;200px&#8221; height_last_edited=&#8221;on|phone&#8221; custom_margin_tablet=&#8221;&#8221; custom_margin_phone=&#8221;-145px||-30px||false|false&#8221; custom_margin_last_edited=&#8221;on|phone&#8221; hover_enabled=&#8221;0&#8243; global_colors_info=&#8221;{}&#8221; custom_margin=&#8221;-135px||0px||false|false&#8221; sticky_enabled=&#8221;0&#8243;][\/et_pb_image][\/et_pb_column][et_pb_column type=&#8221;1_4&#8243; _builder_version=&#8221;4.27.4&#8243; _module_preset=&#8221;default&#8221; global_colors_info=&#8221;{}&#8221;][et_pb_image src=&#8221;https:\/\/austria-guides.at\/wp-content\/uploads\/2024\/12\/bergwanderfuehrer-logo.png&#8221; title_text=&#8221;bergwanderfuehrer-logo&#8221; _builder_version=&#8221;4.27.4&#8243; _module_preset=&#8221;default&#8221; height_tablet=&#8221;&#8221; height_phone=&#8221;200px&#8221; height_last_edited=&#8221;on|phone&#8221; custom_margin_tablet=&#8221;-50px||||false|false&#8221; custom_margin_phone=&#8221;-90px||||false|false&#8221; custom_margin_last_edited=&#8221;on|tablet&#8221; hover_enabled=&#8221;0&#8243; global_colors_info=&#8221;{}&#8221; sticky_enabled=&#8221;0&#8243;][\/et_pb_image][et_pb_image src=&#8221;https:\/\/austria-guides.at\/wp-content\/uploads\/2025\/03\/logo-tirol.png&#8221; title_text=&#8221;logo-tirol&#8221; _builder_version=&#8221;4.27.4&#8243; _module_preset=&#8221;default&#8221; height_tablet=&#8221;&#8221; height_phone=&#8221;100px&#8221; height_last_edited=&#8221;on|phone&#8221; global_colors_info=&#8221;{}&#8221; sticky_enabled=&#8221;0&#8243; locked=&#8221;off&#8221; hover_enabled=&#8221;0&#8243; custom_margin=&#8221;-50px||||false|false&#8221; width_last_edited=&#8221;on|phone&#8221; width_phone=&#8221;79%&#8221; min_height_last_edited=&#8221;on|phone&#8221; min_height_phone=&#8221;100px&#8221; max_height_last_edited=&#8221;on|phone&#8221; max_height_phone=&#8221;100px&#8221; module_alignment=&#8221;left&#8221; max_width=&#8221;98%&#8221; max_width_last_edited=&#8221;on|phone&#8221; max_width_phone=&#8221;73%&#8221; max_width_tablet=&#8221;98%&#8221;][\/et_pb_image][\/et_pb_column][\/et_pb_row][et_pb_row _builder_version=&#8221;4.27.4&#8243; _module_preset=&#8221;default&#8221; custom_margin_tablet=&#8221;&#8221; custom_margin_phone=&#8221;-30px||||false|false&#8221; custom_margin_last_edited=&#8221;on|phone&#8221; global_colors_info=&#8221;{}&#8221;][et_pb_column type=&#8221;4_4&#8243; _builder_version=&#8221;4.27.4&#8243; _module_preset=&#8221;default&#8221; global_colors_info=&#8221;{}&#8221;][et_pb_code _builder_version=&#8221;4.27.4&#8243; _module_preset=&#8221;default&#8221; locked=&#8221;off&#8221; global_colors_info=&#8221;{}&#8221;] <div id=\"wpgmza_map\" class=\"wpgmza_map\" data-settings='{\"id\":\"1\",\"map_title\":\"Meine erste Karte\",\"map_width\":\"100\",\"map_height\":\"400\",\"map_start_lat\":\"47.02683700875684\",\"map_start_lng\":\"11.793149772057985\",\"map_start_location\":\"45.950464398418106,-109.81550500000003\",\"map_start_zoom\":\"7\",\"default_marker\":\"\",\"type\":\"0\",\"alignment\":\"4\",\"directions_enabled\":\"0\",\"styling_enabled\":\"0\",\"styling_json\":\"\",\"active\":\"0\",\"kml\":\"\",\"bicycle\":\"0\",\"traffic\":\"0\",\"dbox\":\"0\",\"dbox_width\":\"\",\"listmarkers\":\"0\",\"listmarkers_advanced\":\"0\",\"filterbycat\":\"0\",\"ugm_enabled\":\"0\",\"ugm_category_enabled\":\"0\",\"fusion\":\"\",\"map_width_type\":\"%\",\"map_height_type\":\"px\",\"mass_marker_support\":\"0\",\"ugm_access\":\"0\",\"order_markers_by\":\"0\",\"order_markers_choice\":\"0\",\"show_user_location\":\"0\",\"default_to\":\"\",\"other_settings\":{\"map_type\":1,\"sl_stroke_color\":\"\",\"sl_fill_color\":\"\",\"sl_stroke_opacity\":\"\",\"sl_fill_opacity\":\"\",\"transport_layer\":false,\"action\":\"wpgmza_save_map\",\"redirect_to\":\"\\\/wp-admin\\\/admin-post.php\",\"map_id\":\"1\",\"http_referer\":\"\\\/wp-admin\\\/admin.php?page=wp-google-maps-menu&amp;amp;action=edit&amp;amp;map_id=1\",\"wpgmza_id\":\"1\",\"wpgmza_start_location\":\"47.02683700875684,11.793149772057985\",\"wpgmza_start_zoom\":\"7\",\"store_locator_enabled\":false,\"store_locator_search_area\":\"radial\",\"wpgmza_store_locator_radius_style\":\"legacy\",\"wpgmza_store_locator_default_radius\":\"10\",\"store_locator_auto_area_max_zoom\":\"\",\"store_locator_distance\":false,\"wpgmza_store_locator_position\":false,\"store_locator_show_distance\":false,\"store_locator_category\":false,\"wpgmza_store_locator_use_their_location\":false,\"wpgmza_store_locator_bounce\":false,\"wpgmza_sl_animation\":null,\"wpgmza_store_locator_hide_before_search\":false,\"store_locator_query_string\":\"\",\"store_locator_location_placeholder\":\"\",\"store_locator_default_address\":\"\",\"store_locator_name_search\":false,\"store_locator_name_string\":\"\",\"store_locator_not_found_message\":\"\",\"wpgmza_map_align\":\"1\",\"jump_to_nearest_marker_on_initialization\":false,\"automatically_pan_to_users_location\":false,\"override_users_location_zoom_level\":false,\"override_users_location_zoom_levels\":\"\",\"show_distance_from_location\":false,\"map_max_zoom\":\"21\",\"map_min_zoom\":\"0\",\"click_open_link\":false,\"fit_maps_bounds_to_markers\":false,\"fit_maps_bounds_to_markers_after_filtering\":false,\"hide_point_of_interest\":false,\"wpgmza_zoom_on_marker_click\":false,\"wpgmza_zoom_on_marker_click_slider\":\"\",\"close_infowindow_on_map_click\":false,\"disable_lightbox_images\":false,\"use_Raw_Jpeg_Coordinates\":false,\"disable_polygon_info_windows\":false,\"enable_marker_ratings\":false,\"enable_marker_labels\":false,\"only_load_markers_within_viewport\":false,\"zoom_level_mobile_override_enabled\":false,\"zoom_level_mobile_override\":\"\",\"iw_primary_color\":\"#000000\",\"iw_accent_color\":\"#000000\",\"iw_text_color\":\"#000000\",\"wpgmza_listmarkers_by\":\"0\",\"wpgmza_marker_listing_position\":false,\"zoom_level_on_marker_listing_override\":false,\"zoom_level_on_marker_listing_click\":\"\",\"marker_listing_disable_zoom\":false,\"datatable_no_result_message\":\"\",\"remove_search_box_datables\":false,\"dataTable_pagination_style\":null,\"datatable_search_string\":\"\",\"datatable_result_start\":\"\",\"datatable_result_of\":\"\",\"datatable_result_to\":\"\",\"datatable_result_total\":\"\",\"datatable_result_show\":\"\",\"datatable_result_entries\":\"\",\"wpgmza_savemap\":\"Karte speichern \\u00bb\"}}' data-map-id='1' Data-maps-engine='open-layers' data-shortcode-attributes='{\"id\":\"1\"}' style=\"display:block; overflow:auto; width:100%; height:400px; float:left;\"><\/div>[\/et_pb_code][\/et_pb_column][\/et_pb_row][\/et_pb_section]<\/p>\n","protected":false},"excerpt":{"rendered":"<p>Privacy Policy In the following privacy policy, we inform you about the most important aspects of data processing within the scope of my website. We collect and process personal data only on the basis of the statutory provisions (General Data Protection Regulation, Telecommunications Act 2003). As soon as you access or visit my website as [&hellip;]<\/p>\n","protected":false},"author":1,"featured_media":0,"parent":0,"menu_order":0,"comment_status":"closed","ping_status":"closed","template":"","meta":{"_et_pb_use_builder":"on","_et_pb_old_content":"","_et_gb_content_width":"","footnotes":""},"class_list":["post-3345","page","type-page","status-publish","hentry"],"yoast_head":"<!-- This site is optimized with the Yoast SEO plugin v27.5 - https:\/\/yoast.com\/product\/yoast-seo-wordpress\/ -->\n<title>Privacy Policy | Austria Guides<\/title>\n<meta name=\"description\" content=\"Privacy Policy Austria Guides \u2713 Monika Gr\u00fcndhammer \u2713 Contact: info@austria-guides.at\" \/>\n<meta name=\"robots\" content=\"index, follow, max-snippet:-1, max-image-preview:large, max-video-preview:-1\" \/>\n<link rel=\"canonical\" href=\"https:\/\/austria-guides.at\/en\/data-protection\/\" \/>\n<meta property=\"og:locale\" content=\"en_US\" \/>\n<meta property=\"og:type\" content=\"article\" \/>\n<meta property=\"og:title\" content=\"Privacy Policy | Austria Guides\" \/>\n<meta property=\"og:description\" content=\"Privacy Policy Austria Guides \u2713 Monika Gr\u00fcndhammer \u2713 Contact: info@austria-guides.at\" \/>\n<meta property=\"og:url\" content=\"https:\/\/austria-guides.at\/en\/data-protection\/\" \/>\n<meta property=\"og:site_name\" content=\"Austria Guides\" \/>\n<meta property=\"article:modified_time\" content=\"2025-10-27T14:37:53+00:00\" \/>\n<meta name=\"twitter:card\" content=\"summary_large_image\" \/>\n<meta name=\"twitter:label1\" content=\"Est. reading time\" \/>\n\t<meta name=\"twitter:data1\" content=\"9 minutes\" \/>\n<script type=\"application\/ld+json\" class=\"yoast-schema-graph\">{\"@context\":\"https:\\\/\\\/schema.org\",\"@graph\":[{\"@type\":\"WebPage\",\"@id\":\"https:\\\/\\\/austria-guides.at\\\/en\\\/data-protection\\\/\",\"url\":\"https:\\\/\\\/austria-guides.at\\\/en\\\/data-protection\\\/\",\"name\":\"Privacy Policy | Austria Guides\",\"isPartOf\":{\"@id\":\"https:\\\/\\\/austriaguides-4syx29dq5x.live-website.com\\\/#website\"},\"datePublished\":\"2024-12-18T15:07:11+00:00\",\"dateModified\":\"2025-10-27T14:37:53+00:00\",\"description\":\"Privacy Policy Austria Guides \u2713 Monika Gr\u00fcndhammer \u2713 Contact: info@austria-guides.at\",\"breadcrumb\":{\"@id\":\"https:\\\/\\\/austria-guides.at\\\/en\\\/data-protection\\\/#breadcrumb\"},\"inLanguage\":\"en-US\",\"potentialAction\":[{\"@type\":\"ReadAction\",\"target\":[\"https:\\\/\\\/austria-guides.at\\\/en\\\/data-protection\\\/\"]}]},{\"@type\":\"BreadcrumbList\",\"@id\":\"https:\\\/\\\/austria-guides.at\\\/en\\\/data-protection\\\/#breadcrumb\",\"itemListElement\":[{\"@type\":\"ListItem\",\"position\":1,\"name\":\"Startseite\",\"item\":\"https:\\\/\\\/austria-guides.at\\\/en\\\/\"},{\"@type\":\"ListItem\",\"position\":2,\"name\":\"data protection\"}]},{\"@type\":\"WebSite\",\"@id\":\"https:\\\/\\\/austriaguides-4syx29dq5x.live-website.com\\\/#website\",\"url\":\"https:\\\/\\\/austriaguides-4syx29dq5x.live-website.com\\\/\",\"name\":\"Austria Guides\",\"description\":\"Austria Guide &amp; Tirol Guide\",\"potentialAction\":[{\"@type\":\"SearchAction\",\"target\":{\"@type\":\"EntryPoint\",\"urlTemplate\":\"https:\\\/\\\/austriaguides-4syx29dq5x.live-website.com\\\/?s={search_term_string}\"},\"query-input\":{\"@type\":\"PropertyValueSpecification\",\"valueRequired\":true,\"valueName\":\"search_term_string\"}}],\"inLanguage\":\"en-US\"}]}<\/script>\n<!-- \/ Yoast SEO plugin. -->","yoast_head_json":{"title":"Privacy Policy | Austria Guides","description":"Privacy Policy Austria Guides \u2713 Monika Gr\u00fcndhammer \u2713 Contact: info@austria-guides.at","robots":{"index":"index","follow":"follow","max-snippet":"max-snippet:-1","max-image-preview":"max-image-preview:large","max-video-preview":"max-video-preview:-1"},"canonical":"https:\/\/austria-guides.at\/en\/data-protection\/","og_locale":"en_US","og_type":"article","og_title":"Privacy Policy | Austria Guides","og_description":"Privacy Policy Austria Guides \u2713 Monika Gr\u00fcndhammer \u2713 Contact: info@austria-guides.at","og_url":"https:\/\/austria-guides.at\/en\/data-protection\/","og_site_name":"Austria Guides","article_modified_time":"2025-10-27T14:37:53+00:00","twitter_card":"summary_large_image","twitter_misc":{"Est. reading time":"9 minutes"},"schema":{"@context":"https:\/\/schema.org","@graph":[{"@type":"WebPage","@id":"https:\/\/austria-guides.at\/en\/data-protection\/","url":"https:\/\/austria-guides.at\/en\/data-protection\/","name":"Privacy Policy | Austria Guides","isPartOf":{"@id":"https:\/\/austriaguides-4syx29dq5x.live-website.com\/#website"},"datePublished":"2024-12-18T15:07:11+00:00","dateModified":"2025-10-27T14:37:53+00:00","description":"Privacy Policy Austria Guides \u2713 Monika Gr\u00fcndhammer \u2713 Contact: info@austria-guides.at","breadcrumb":{"@id":"https:\/\/austria-guides.at\/en\/data-protection\/#breadcrumb"},"inLanguage":"en-US","potentialAction":[{"@type":"ReadAction","target":["https:\/\/austria-guides.at\/en\/data-protection\/"]}]},{"@type":"BreadcrumbList","@id":"https:\/\/austria-guides.at\/en\/data-protection\/#breadcrumb","itemListElement":[{"@type":"ListItem","position":1,"name":"Startseite","item":"https:\/\/austria-guides.at\/en\/"},{"@type":"ListItem","position":2,"name":"data protection"}]},{"@type":"WebSite","@id":"https:\/\/austriaguides-4syx29dq5x.live-website.com\/#website","url":"https:\/\/austriaguides-4syx29dq5x.live-website.com\/","name":"Austria Guides","description":"Austria Guide &amp; Tirol Guide","potentialAction":[{"@type":"SearchAction","target":{"@type":"EntryPoint","urlTemplate":"https:\/\/austriaguides-4syx29dq5x.live-website.com\/?s={search_term_string}"},"query-input":{"@type":"PropertyValueSpecification","valueRequired":true,"valueName":"search_term_string"}}],"inLanguage":"en-US"}]}},"_links":{"self":[{"href":"https:\/\/austria-guides.at\/en\/wp-json\/wp\/v2\/pages\/3345","targetHints":{"allow":["GET"]}}],"collection":[{"href":"https:\/\/austria-guides.at\/en\/wp-json\/wp\/v2\/pages"}],"about":[{"href":"https:\/\/austria-guides.at\/en\/wp-json\/wp\/v2\/types\/page"}],"author":[{"embeddable":true,"href":"https:\/\/austria-guides.at\/en\/wp-json\/wp\/v2\/users\/1"}],"replies":[{"embeddable":true,"href":"https:\/\/austria-guides.at\/en\/wp-json\/wp\/v2\/comments?post=3345"}],"version-history":[{"count":2,"href":"https:\/\/austria-guides.at\/en\/wp-json\/wp\/v2\/pages\/3345\/revisions"}],"predecessor-version":[{"id":3347,"href":"https:\/\/austria-guides.at\/en\/wp-json\/wp\/v2\/pages\/3345\/revisions\/3347"}],"wp:attachment":[{"href":"https:\/\/austria-guides.at\/en\/wp-json\/wp\/v2\/media?parent=3345"}],"curies":[{"name":"wp","href":"https:\/\/api.w.org\/{rel}","templated":true}]}}